{"id":2,"date":"2023-04-18T00:56:38","date_gmt":"2023-04-17T22:56:38","guid":{"rendered":"http:\/\/www.substantial-band.de\/?page_id=2"},"modified":"2023-05-07T17:10:12","modified_gmt":"2023-05-07T15:10:12","slug":"beispiel-seite","status":"publish","type":"page","link":"http:\/\/www.substantial-band.de\/index.php\/beispiel-seite\/","title":{"rendered":"Geschichte"},"content":{"rendered":"\n<h2 class=\"wp-block-heading\">Bandgeschichte<\/h2>\n\n\n\n<p>Entstanden sind wir 2008 aus 3 Mitgliedern der Polizeihundertschaft in M\u00f6nchengladbach (Schlagzeug, Bass und Gesang), da f\u00fcr eine Fete Live-Musik gesucht wurde. Zu den Polizisten stie\u00dfen, durch einen Bekannten, Christof und Udo als Gitarristen.<\/p>\n\n\n\n<p>Der Probenraum befand sich zu diesem Zeitpunkt im Clubhaus der Black-Angels MC in H\u00fcckelhoven.<\/p>\n\n\n\n<p>Dies war aber nicht von langer Dauer. Die Vorstellungen der Bandmitglieder waren zu verschieden, ein regelm\u00e4\u00dfiges Proben nicht m\u00f6glich. Zwangsl\u00e4ufig kam es zur Trennung.<\/p>\n\n\n\n<p>Christof und Udo suchten alleine weiter.<\/p>\n\n\n\n<p>Udo brachte Adam als Bassist mit in die Band und Sascha wurde \u00fcber eine Anzeige als Schlagzeuger gefunden.<\/p>\n\n\n\n<p><strong>Somit war die erste Besetzung komplett<\/strong><\/p>\n\n\n\n<ul class=\"wp-block-list\">\n<li>Christof: Gitarre und Gesang<\/li>\n\n\n\n<li>Udo: Leadgitarre<\/li>\n\n\n\n<li>Adam: Bass<\/li>\n\n\n\n<li>Sascha: Schlagzeug<\/li>\n<\/ul>\n\n\n\n<p>Leider war auch diese Besetzung nicht sehr lange zusammen. Udo wurde im Januar 2010 erschossen. Christof und Sascha brauchten eine Pause um die Geschehnisse zu verarbeiten. Von Adam h\u00f6rten die Jungs danach nichts mehr.<\/p>\n\n\n\n<p>Drei Monate vergingen bis wieder an Musik zu denken war, und \u00fcber einen Arbeitskollegen stie\u00df Michael zur Band. Eine weitere Anzeige brachte Herbert zur Truppe. Ein neuer Probenraum wurde im Siedlerhaus Alsdorf Busch gefunden.<\/p>\n\n\n\n<p><strong>Fortan nannten die Jungs sich unter folgender Besetzung &#8222;Evidence of Existence&#8220;<\/strong><\/p>\n\n\n\n<ul class=\"wp-block-list\">\n<li>Christof: Gitarre und Gesang<\/li>\n\n\n\n<li>Michael: Rhythmusgitarre<\/li>\n\n\n\n<li>Herbert: Bass<\/li>\n\n\n\n<li>Sascha: Schlagzeug<\/li>\n<\/ul>\n\n\n\n<p>Erste Auftritte wurden unplugged gespielt. Wie es in Bands so ist gab es auch schon Mal Zoff. So flog Herbert aus der Band, Sascha stieg aus. Christof und Michael blieben, bis Guido &#8211; ein Arbeitskollege von Michael &#8211; zur Band stie\u00df, alleine \u00fcbrig.<\/p>\n\n\n\n<p>Ein Schlagzeuger, Markus, wurde ebenfalls gefunden und der Name wurde in Sickboys ge\u00e4ndert. Mit dem Bezug des Probenraums im Ledigenheim\/ Alsdorf war die Erneuerung abgeschlossen. Trotzdem kam Katie noch als gesangliche Verst\u00e4rkung in die Band. Der Name wurde zum vorl\u00e4ufig letzten mal ge\u00e4ndert. Nun war <strong><em>Substantial <\/em><\/strong>gegr\u00fcndet.<\/p>\n\n\n\n<p>Erste Auftritte wurden, unter anderem im Sauerland (der Heimat von Katie), gespielt. Fluktuation war leider ein st\u00e4ndiger Begleiter der Band, und so verlie\u00df Katie die Band, da sie in ihre Heimat zur\u00fcck ging. Auch Markus zog mit seiner Freundin an den Niederrhein. Auf Grund der Entfernung musste f\u00fcr Ihn Ersatz gefunden werden.<\/p>\n\n\n\n<p>Ein neuer Schlagzeuger war mit Tom gefunden und durch eine Anzeige stie\u00df Tina als S\u00e4ngerin zur Band. Bei einem Autounfall verletzt sich Tom an der Schulter. F\u00fcr ihn war l\u00e4ngere Zeit nicht ans Schlagzeug spielen zu denken, somit kommt Lazlo in die Band. Auch Guido orientiert sich anderweitig und verl\u00e4sst uns wieder.<\/p>\n\n\n\n<p>Ein kurzes Gastspiel als Bassist hatte Michael aus Stolberg, leider passte es nicht und wir mussten wieder Ersatz suchen. Da auch Lazlo die Band wieder verlassen hat waren wir erneut auf der Suche nach neuen Bandmitgliedern. Und wir wurden f\u00fcndig. Hansi besetzt seither den Bass und Bj\u00f6rn \u00fcbernahm das Schlagzeug. Den hoffentlich letzten Wechsel hatten wir 2022, Michael verlie\u00df uns aus privaten Gr\u00fcnden. Ein neuer zweiter Gitarrist musste her &#8211; Andr\u00e9 kam zu uns.<\/p>\n\n\n\n<p>Unser Repertoire beschreibt sich einfach: Alles was rockt und Laune macht.<\/p>\n\n\n\n<p><strong>Die bisher endg\u00fcltige &#8222;Substantial&#8220; Besetzung:<\/strong><\/p>\n\n\n\n<ul class=\"wp-block-list\">\n<li>Tina: Gesang<\/li>\n\n\n\n<li>Christof: Leadgitarre und Gesang<\/li>\n\n\n\n<li>Andr\u00e9: Rhythmusgitarre<\/li>\n\n\n\n<li>Hansi: Bass und Tontechnik<\/li>\n\n\n\n<li>Bj\u00f6rn: Schlagzeug<\/li>\n<\/ul>\n\n\n\n<p><\/p>\n","protected":false},"excerpt":{"rendered":"<p>Bandgeschichte Entstanden sind wir 2008 aus 3 Mitgliedern der Polizeihundertschaft in M\u00f6nchengladbach (Schlagzeug, Bass und Gesang), da f\u00fcr eine Fete<span class=\"more-dots\">&#8230;<\/span><\/p>\n","protected":false},"author":1,"featured_media":47,"parent":0,"menu_order":0,"comment_status":"closed","ping_status":"open","template":"templates\/template-page-full-width.php","meta":{"footnotes":""},"class_list":["post-2","page","type-page","status-publish","has-post-thumbnail","hentry"],"_links":{"self":[{"href":"http:\/\/www.substantial-band.de\/index.php\/wp-json\/wp\/v2\/pages\/2","targetHints":{"allow":["GET"]}}],"collection":[{"href":"http:\/\/www.substantial-band.de\/index.php\/wp-json\/wp\/v2\/pages"}],"about":[{"href":"http:\/\/www.substantial-band.de\/index.php\/wp-json\/wp\/v2\/types\/page"}],"author":[{"embeddable":true,"href":"http:\/\/www.substantial-band.de\/index.php\/wp-json\/wp\/v2\/users\/1"}],"replies":[{"embeddable":true,"href":"http:\/\/www.substantial-band.de\/index.php\/wp-json\/wp\/v2\/comments?post=2"}],"version-history":[{"count":4,"href":"http:\/\/www.substantial-band.de\/index.php\/wp-json\/wp\/v2\/pages\/2\/revisions"}],"predecessor-version":[{"id":74,"href":"http:\/\/www.substantial-band.de\/index.php\/wp-json\/wp\/v2\/pages\/2\/revisions\/74"}],"wp:featuredmedia":[{"embeddable":true,"href":"http:\/\/www.substantial-band.de\/index.php\/wp-json\/wp\/v2\/media\/47"}],"wp:attachment":[{"href":"http:\/\/www.substantial-band.de\/index.php\/wp-json\/wp\/v2\/media?parent=2"}],"curies":[{"name":"wp","href":"https:\/\/api.w.org\/{rel}","templated":true}]}}